{"id":91,"date":"2023-11-03T14:51:00","date_gmt":"2023-11-03T14:51:00","guid":{"rendered":"https:\/\/vps-3fba2a8a.ynh.fr\/debarras\/?page_id=91"},"modified":"2024-01-03T20:29:37","modified_gmt":"2024-01-03T19:29:37","slug":"qui","status":"publish","type":"page","link":"https:\/\/debarrascartillier.fr\/index.php\/qui\/","title":{"rendered":"Qui ?"},"content":{"rendered":"\n<h2 class=\"wp-block-heading\">Qui ?<\/h2>\n\n\n<div class=\"wp-block-image\">\n<figure class=\"alignleft size-full is-resized\"><img loading=\"lazy\" decoding=\"async\" width=\"512\" height=\"512\" src=\"https:\/\/debarrascartillier.fr\/wp-content\/uploads\/2023\/11\/qui.png\" alt=\"Qui ?\" class=\"wp-image-122\" style=\"aspect-ratio:1;width:77px;height:auto\" srcset=\"https:\/\/debarrascartillier.fr\/wp-content\/uploads\/2023\/11\/qui.png 512w, https:\/\/debarrascartillier.fr\/wp-content\/uploads\/2023\/11\/qui-300x300.png 300w, https:\/\/debarrascartillier.fr\/wp-content\/uploads\/2023\/11\/qui-100x100.png 100w, https:\/\/debarrascartillier.fr\/wp-content\/uploads\/2023\/11\/qui-150x150.png 150w\" sizes=\"auto, (max-width: 512px) 100vw, 512px\" \/><\/figure>\n<\/div>\n\n\n<p>Entreprise familiale bas\u00e9e \u00e0 Liergues.<br><\/p>\n\n\n\n<p><\/p>\n\n\n\n<p class=\"has-text-align-left\"><u>Notre \u00e9quipe est compos\u00e9e de deux personnes d\u00e9vou\u00e9es :<\/u><br>&#8211; Pierre Cartillier<br>&#8211; Baptiste, son fils.<\/p>\n\n\n\n<figure class=\"wp-block-image size-full is-resized\"><img loading=\"lazy\" decoding=\"async\" width=\"1171\" height=\"1562\" src=\"https:\/\/debarrascartillier.fr\/wp-content\/uploads\/2023\/12\/pierre_baptiste.jpg\" alt=\"\" class=\"wp-image-220\" style=\"width:377px;height:auto\" srcset=\"https:\/\/debarrascartillier.fr\/wp-content\/uploads\/2023\/12\/pierre_baptiste.jpg 1171w, https:\/\/debarrascartillier.fr\/wp-content\/uploads\/2023\/12\/pierre_baptiste-600x800.jpg 600w, https:\/\/debarrascartillier.fr\/wp-content\/uploads\/2023\/12\/pierre_baptiste-225x300.jpg 225w, https:\/\/debarrascartillier.fr\/wp-content\/uploads\/2023\/12\/pierre_baptiste-768x1024.jpg 768w, https:\/\/debarrascartillier.fr\/wp-content\/uploads\/2023\/12\/pierre_baptiste-1152x1536.jpg 1152w\" sizes=\"auto, (max-width: 1171px) 100vw, 1171px\" \/><\/figure>\n","protected":false},"excerpt":{"rendered":"<p>Qui ? Entreprise familiale bas\u00e9e \u00e0 Liergues. Notre \u00e9quipe est compos\u00e9e de deux personnes d\u00e9vou\u00e9es :&#8211; Pierre Cartillier&#8211; Baptiste, son fils.<\/p>\n","protected":false},"author":1,"featured_media":0,"parent":0,"menu_order":0,"comment_status":"closed","ping_status":"closed","template":"","meta":{"om_disable_all_campaigns":false,"_monsterinsights_skip_tracking":false,"_monsterinsights_sitenote_active":false,"_monsterinsights_sitenote_note":"","_monsterinsights_sitenote_category":0,"footnotes":""},"class_list":["post-91","page","type-page","status-publish","hentry"],"aioseo_notices":[],"_links":{"self":[{"href":"https:\/\/debarrascartillier.fr\/index.php\/wp-json\/wp\/v2\/pages\/91","targetHints":{"allow":["GET"]}}],"collection":[{"href":"https:\/\/debarrascartillier.fr\/index.php\/wp-json\/wp\/v2\/pages"}],"about":[{"href":"https:\/\/debarrascartillier.fr\/index.php\/wp-json\/wp\/v2\/types\/page"}],"author":[{"embeddable":true,"href":"https:\/\/debarrascartillier.fr\/index.php\/wp-json\/wp\/v2\/users\/1"}],"replies":[{"embeddable":true,"href":"https:\/\/debarrascartillier.fr\/index.php\/wp-json\/wp\/v2\/comments?post=91"}],"version-history":[{"count":5,"href":"https:\/\/debarrascartillier.fr\/index.php\/wp-json\/wp\/v2\/pages\/91\/revisions"}],"predecessor-version":[{"id":267,"href":"https:\/\/debarrascartillier.fr\/index.php\/wp-json\/wp\/v2\/pages\/91\/revisions\/267"}],"wp:attachment":[{"href":"https:\/\/debarrascartillier.fr\/index.php\/wp-json\/wp\/v2\/media?parent=91"}],"curies":[{"name":"wp","href":"https:\/\/api.w.org\/{rel}","templated":true}]}}