

{"id":67,"date":"2023-11-01T08:04:47","date_gmt":"2023-11-01T08:04:47","guid":{"rendered":"https:\/\/vps-3fba2a8a.ynh.fr\/debarras\/?page_id=67"},"modified":"2024-01-03T20:31:46","modified_gmt":"2024-01-03T19:31:46","slug":"domaine-dintervention","status":"publish","type":"page","link":"https:\/\/debarrascartillier.fr\/index.php\/domaine-dintervention\/","title":{"rendered":"Domaine d&rsquo;intervention"},"content":{"rendered":"\n<h2 class=\"wp-block-heading\">O\u00f9 ? (domaine d&rsquo;intervention)<\/h2>\n\n\n\n<p>Notre domaine d&rsquo;intervention pour les d\u00e9barras couvre la <strong>r\u00e9gion Rh\u00f4ne-Alpes<\/strong> et nous avons aussi des locaux sur la commune de Porte des Pierres Dor\u00e9es (Liergues) proche de Villefranche-Sur-Sa\u00f4ne.<\/p>\n\n\n\n<h2 class=\"wp-block-heading\"><img loading=\"lazy\" decoding=\"async\" width=\"100\" height=\"100\" class=\"wp-image-69\" style=\"width: 100px;\" src=\"https:\/\/debarrascartillier.fr\/wp-content\/uploads\/2023\/11\/ou.png\" alt=\"\" srcset=\"https:\/\/debarrascartillier.fr\/wp-content\/uploads\/2023\/11\/ou.png 512w, https:\/\/debarrascartillier.fr\/wp-content\/uploads\/2023\/11\/ou-300x300.png 300w, https:\/\/debarrascartillier.fr\/wp-content\/uploads\/2023\/11\/ou-100x100.png 100w, https:\/\/debarrascartillier.fr\/wp-content\/uploads\/2023\/11\/ou-150x150.png 150w\" sizes=\"auto, (max-width: 100px) 100vw, 100px\" \/>Nous retrouver dans nos locaux &#8230;<\/h2>\n\n\n\n<p>Si vous voulez nous retrouver dans nos locaux voici <u>notre adresse :<\/u><\/p>\n\n\n\n<p><strong>63 rue du Beaujolais, 69400 Porte des Pierres Dor\u00e9es (Liergues)<\/strong><\/p>\n\n\n\n\n\n\t\t\t\t<div id=\"map_ol3js_1\" class=\"map undefined\" data-map_name=\"undefined\" data-map=\"map_ol3js_1\" style=\"width:80%; max-width:100%; height:450px; display:block; overflow:hidden;border:2px solid grey;\" >\n\t\t\t\t  <div id=\"map_ol3js_1_popup\" class=\"ol-popup\" >\n\t\t\t\t\t<a href=\"#\" id=\"map_ol3js_1_popup-closer\" class=\"ol-popup-closer\"><\/a>\n\t\t\t\t\t<div id=\"map_ol3js_1_popup-content\" ><\/div>\n\t\t\t\t  <\/div>\n\t\t\t\t<\/div>\n\t\t\t\n\n\t\t\t\t<script type=\"text\/javascript\">\n\t\t\t\t\ttranslations['openlayer'] = \"open layer\";\n\t\t\t\t\ttranslations['openlayerAtStartup'] = \"open layer at startup\";\n\t\t\t\t\ttranslations['generateLink'] = \"link to this map with opened layers\";\n\t\t\t\t\ttranslations['shortDescription'] = \"short description\";\n\t\t\t\t\ttranslations['generatedShortCode'] = \"to get a text control link paste this code in your wordpress editor\";\n\t\t\t\t\ttranslations['closeLayer'] = \"close layer\";\n\t\t\t\t\ttranslations['cantGenerateLink'] = \"put this string in the existing map short code to control this map\";\n\t\t\t  <\/script>\n\n\n\t\t\t  <script type=\"text\/javascript\">\n\t\t\t  vectorM['map_ol3js_1'] = [];\n\t        \n        var raster = getTileLayer(\"osm\",\"NoKey\");\t\t\t\n\n\t\t\t  var map_ol3js_1 = new ol.Map({\n\t\t\t\tinteractions: ol.interaction.defaults.defaults({mouseWheelZoom:false}),\n\t\t\t\tlayers: [raster],\n\t\t\t\ttarget: \"map_ol3js_1\",\n\t\t\t\tview: new ol.View({\n\t\t\t\t  center: ol.proj.transform([4.6682,45.9681], \"EPSG:4326\", \"EPSG:3857\"),\n\t\t\t\t  zoom: 18.0\n\t\t\t\t})\n\t\t\t  });\n\t\t\t  osm_addMarkerLayer(map_ol3js_1,4.6685,45.9682,\"https:\/\/debarrascartillier.fr\/wp-content\/plugins\/osm\/icons\/mic_black_camera_01.png\",-16,-41,\"<p><\/p>\") ; \naddControls2Map(map_ol3js_1,0,0,3,0,5,6,7,0,1);\nosm_addPopupClickhandler(map_ol3js_1,  \"map_ol3js_1\"); \nosm_addMouseHover(map_ol3js_1); <\/script>\n","protected":false},"excerpt":{"rendered":"<p>O\u00f9 ? (domaine d&rsquo;intervention) Notre domaine d&rsquo;intervention pour les d\u00e9barras couvre la r\u00e9gion Rh\u00f4ne-Alpes et nous avons aussi des locaux sur la commune de Porte des Pierres Dor\u00e9es (Liergues) proche de Villefranche-Sur-Sa\u00f4ne. Nous retrouver dans nos locaux &#8230; Si vous voulez nous retrouver dans nos locaux voici notre adresse : 63 rue du Beaujolais, 69400 [&hellip;]<\/p>\n","protected":false},"author":1,"featured_media":0,"parent":0,"menu_order":0,"comment_status":"closed","ping_status":"closed","template":"","meta":{"om_disable_all_campaigns":false,"_monsterinsights_skip_tracking":false,"_monsterinsights_sitenote_active":false,"_monsterinsights_sitenote_note":"","_monsterinsights_sitenote_category":0,"footnotes":""},"class_list":["post-67","page","type-page","status-publish","hentry"],"aioseo_notices":[],"_links":{"self":[{"href":"https:\/\/debarrascartillier.fr\/index.php\/wp-json\/wp\/v2\/pages\/67","targetHints":{"allow":["GET"]}}],"collection":[{"href":"https:\/\/debarrascartillier.fr\/index.php\/wp-json\/wp\/v2\/pages"}],"about":[{"href":"https:\/\/debarrascartillier.fr\/index.php\/wp-json\/wp\/v2\/types\/page"}],"author":[{"embeddable":true,"href":"https:\/\/debarrascartillier.fr\/index.php\/wp-json\/wp\/v2\/users\/1"}],"replies":[{"embeddable":true,"href":"https:\/\/debarrascartillier.fr\/index.php\/wp-json\/wp\/v2\/comments?post=67"}],"version-history":[{"count":9,"href":"https:\/\/debarrascartillier.fr\/index.php\/wp-json\/wp\/v2\/pages\/67\/revisions"}],"predecessor-version":[{"id":269,"href":"https:\/\/debarrascartillier.fr\/index.php\/wp-json\/wp\/v2\/pages\/67\/revisions\/269"}],"wp:attachment":[{"href":"https:\/\/debarrascartillier.fr\/index.php\/wp-json\/wp\/v2\/media?parent=67"}],"curies":[{"name":"wp","href":"https:\/\/api.w.org\/{rel}","templated":true}]}}